{"id":556,"date":"2022-02-19T12:50:02","date_gmt":"2022-02-19T16:50:02","guid":{"rendered":"https:\/\/www.encuentrotodo.com.ve\/lp\/?page_id=556"},"modified":"2022-02-19T18:41:00","modified_gmt":"2022-02-19T22:41:00","slug":"preguntas-frecuentes","status":"publish","type":"page","link":"https:\/\/www.encuentrotodo.com.ve\/lp\/preguntas-frecuentes\/","title":{"rendered":"Preguntas Frecuentes"},"content":{"rendered":"\n<section id=\"49d04d\" class=\"section-49d04d gutentor-module gutentor-module-accordion gutentor-module-accordion-enable-toggle\"><div class=\"grid-container\">\n<div id=\"2e62c3\" class=\"wp-block-gutentor-m6-item section-2e62c3 gutentor-module gutentor-module-accordion-item\"><div class=\"gutentor-module-accordion-panel g-a-panel-49d04d\"><div class=\"gm-ah-49d04d gutentor-module-accordion-item-heading gutentor-module-icon-position-right\"><span class=\"gutentor-module-accordion-panel-handler\" role=\"button\"><span class=\"gutentor-module-accordion-panel-handler-label\">\u00bfOfrecen servicios de casillero y reempaque?<\/span><span class=\"gutentor-module-accordion-icon\"><i class=\"gm-aio-49d04d gutentor-module-accordion-icon-open fas fa-plus\"><\/i><i class=\"gm-aic-49d04d gutentor-module-accordion-icon-close fas fa-minus\"><\/i><\/span><\/span><\/div><div class=\"gm-ab-49d04d gutentor-module-accordion-body\">\n<div id=\"section-g3be375\" class=\"wp-block-gutentor-e0 alignfull section-g3be375 gutentor-element gutentor-element-advanced-text\"><div class=\"gutentor-text-wrap\"><p class=\"gutentor-text\">Nuestro servicio de casillero internacional es TOTALMENTE GRATIS te damos una direcci\u00f3n en los Estados Unidos donde puedes recibir mercanc\u00eda, compras personales, papeler\u00eda etc.<br>Ofrecemos tambi\u00e9n servicio de consolidaci\u00f3n de carga TOTALMENTE GRATIS. Hacemos el reempaque de tus paquetes para optimizar el espacio de la carga y evitarte pagar de m\u00e1s innecesariamente.<\/p><\/div><\/div>\n<\/div><\/div><\/div>\n\n\n\n<div id=\"68e2f7\" class=\"wp-block-gutentor-m6-item section-68e2f7 gutentor-module gutentor-module-accordion-item\"><div class=\"gutentor-module-accordion-panel g-a-panel-49d04d\"><div class=\"gm-ah-49d04d gutentor-module-accordion-item-heading gutentor-module-icon-position-right\"><span class=\"gutentor-module-accordion-panel-handler\" role=\"button\"><span class=\"gutentor-module-accordion-panel-handler-label\">\u00bfExisten restricciones de env\u00edo?<\/span><span class=\"gutentor-module-accordion-icon\"><i class=\"gm-aio-49d04d gutentor-module-accordion-icon-open fas fa-plus\"><\/i><i class=\"gm-aic-49d04d gutentor-module-accordion-icon-close fas fa-minus\"><\/i><\/span><\/span><\/div><div class=\"gm-ab-49d04d gutentor-module-accordion-body\">\n<div id=\"section-g87a6e1\" class=\"wp-block-gutentor-e0 alignfull section-g87a6e1 gutentor-element gutentor-element-advanced-text\"><div class=\"gutentor-text-wrap\"><p class=\"gutentor-text\">Si existen productos de ingreso prohibido y\/o restringido tales como:<br>Alimentos perecederos sin registro sanitario.<br>Medicamentos recetados.<br>Material impreso que pueda considerarse subversivo.<br>Alcoholes y tabacos.<br>Armas de fuego y armas blancas.<br>Productos qu\u00edmicos y l\u00edquidos explosivos.<br>Coca\u00edna, morfina, marihuana, opio y otros estupefacientes.<br>Animales vivos o muertos.<br>Dinero en efectivo.<\/p><\/div><\/div>\n<\/div><\/div><\/div>\n\n\n\n<div id=\"fb0d2a\" class=\"wp-block-gutentor-m6-item section-fb0d2a gutentor-module gutentor-module-accordion-item\"><div class=\"gutentor-module-accordion-panel g-a-panel-49d04d\"><div class=\"gm-ah-49d04d gutentor-module-accordion-item-heading gutentor-module-icon-position-right\"><span class=\"gutentor-module-accordion-panel-handler\" role=\"button\"><span class=\"gutentor-module-accordion-panel-handler-label\">\u00bfC\u00f3mo hago el c\u00e1lculo de las medidas para la carga mar\u00edtima?<\/span><span class=\"gutentor-module-accordion-icon\"><i class=\"gm-aio-49d04d gutentor-module-accordion-icon-open fas fa-plus\"><\/i><i class=\"gm-aic-49d04d gutentor-module-accordion-icon-close fas fa-minus\"><\/i><\/span><\/span><\/div><div class=\"gm-ab-49d04d gutentor-module-accordion-body\">\n<div id=\"section-g2137ec\" class=\"wp-block-gutentor-e0 section-g2137ec gutentor-element gutentor-element-advanced-text\"><div class=\"gutentor-text-wrap\"><p class=\"gutentor-text\">Para calcular la carga mar\u00edtima se mide el paquete y utilizamos la siguiente f\u00f3rmula: Pie c\u00fabico = (largo x ancho x alto)\/1728<\/p><\/div><\/div>\n<\/div><\/div><\/div>\n\n\n\n<div id=\"2c1c01\" class=\"wp-block-gutentor-m6-item section-2c1c01 gutentor-module gutentor-module-accordion-item\"><div class=\"gutentor-module-accordion-panel g-a-panel-49d04d\"><div class=\"gm-ah-49d04d gutentor-module-accordion-item-heading gutentor-module-icon-position-right\"><span class=\"gutentor-module-accordion-panel-handler\" role=\"button\"><span class=\"gutentor-module-accordion-panel-handler-label\">\u00bfC\u00f3mo hago el c\u00e1lculo de las medidas para la carga a\u00e9rea?<\/span><span class=\"gutentor-module-accordion-icon\"><i class=\"gm-aio-49d04d gutentor-module-accordion-icon-open fas fa-plus\"><\/i><i class=\"gm-aic-49d04d gutentor-module-accordion-icon-close fas fa-minus\"><\/i><\/span><\/span><\/div><div class=\"gm-ab-49d04d gutentor-module-accordion-body\">\n<div id=\"section-g951fa8\" class=\"wp-block-gutentor-e0 section-g951fa8 gutentor-element gutentor-element-advanced-text\"><div class=\"gutentor-text-wrap\"><p class=\"gutentor-text\">GEl c\u00e1lculo de la carga a\u00e9rea se hace por peso en libras o por peso volum\u00e9trico (el que sea mayor). Para calcular este \u00faltimo se mide el paquete y utilizamos la siguiente f\u00f3rmula: Peso volum\u00e9trico = (largo x ancho x alto)\/166<\/p><\/div><\/div>\n<\/div><\/div><\/div>\n\n\n\n<div id=\"987ee1\" class=\"wp-block-gutentor-m6-item section-987ee1 gutentor-module gutentor-module-accordion-item\"><div class=\"gutentor-module-accordion-panel g-a-panel-49d04d\"><div class=\"gm-ah-49d04d gutentor-module-accordion-item-heading gutentor-module-icon-position-right\"><span class=\"gutentor-module-accordion-panel-handler\" role=\"button\"><span class=\"gutentor-module-accordion-panel-handler-label\">\u00bfCu\u00e1nto tiempo demora la carga en llegar?<\/span><span class=\"gutentor-module-accordion-icon\"><i class=\"gm-aio-49d04d gutentor-module-accordion-icon-open fas fa-plus\"><\/i><i class=\"gm-aic-49d04d gutentor-module-accordion-icon-close fas fa-minus\"><\/i><\/span><\/span><\/div><div class=\"gm-ab-49d04d gutentor-module-accordion-body\">\n<div id=\"section-g218239\" class=\"wp-block-gutentor-e0 section-g218239 gutentor-element gutentor-element-advanced-text\"><div class=\"gutentor-text-wrap\"><p class=\"gutentor-text\">Al recibir tu carga en nuestras instalaciones en Miami haremos el env\u00edo seg\u00fan tu preferencia.<br>Env\u00edos a\u00e9reos: ofrecemos el env\u00edo de tus paquetes por v\u00eda a\u00e9rea desde Miami hasta la puerta de tu casa u oficina. El tiempo de duraci\u00f3n del servicio a\u00e9reo es de 5 d\u00edas h\u00e1biles.<br>Env\u00edos Mar\u00edtimos: Ofrecemos el env\u00edo de tus paquetes por v\u00eda mar\u00edtima desde Miami hasta la puerta de tu casa u oficina. El tiempo de duraci\u00f3n de este servicio es de 4 semanas a 6 semanas.<\/p><\/div><\/div>\n<\/div><\/div><\/div>\n\n\n\n<div id=\"fc3452\" class=\"wp-block-gutentor-m6-item section-fc3452 gutentor-module gutentor-module-accordion-item\"><div class=\"gutentor-module-accordion-panel g-a-panel-49d04d\"><div class=\"gm-ah-49d04d gutentor-module-accordion-item-heading gutentor-module-icon-position-right\"><span class=\"gutentor-module-accordion-panel-handler\" role=\"button\"><span class=\"gutentor-module-accordion-panel-handler-label\">\u00bfQu\u00e9 formas de pago puedo utilizar?<\/span><span class=\"gutentor-module-accordion-icon\"><i class=\"gm-aio-49d04d gutentor-module-accordion-icon-open fas fa-plus\"><\/i><i class=\"gm-aic-49d04d gutentor-module-accordion-icon-close fas fa-minus\"><\/i><\/span><\/span><\/div><div class=\"gm-ab-49d04d gutentor-module-accordion-body\">\n<div id=\"section-g03ddde\" class=\"wp-block-gutentor-e0 section-g03ddde gutentor-element gutentor-element-advanced-text\"><div class=\"gutentor-text-wrap\"><p class=\"gutentor-text\">Puedes pagar con tus tarjetas de cr\u00e9dito Visa, MasterCard y American Express, dep\u00f3sitos directos o transferencias bancarias. Los datos para realizar el pago se enviar\u00e1n por correo electr\u00f3nico junto a la factura por el servicio.<\/p><\/div><\/div>\n<\/div><\/div><\/div>\n\n\n\n<div id=\"739772\" class=\"wp-block-gutentor-m6-item section-739772 gutentor-module gutentor-module-accordion-item\"><div class=\"gutentor-module-accordion-panel g-a-panel-49d04d\"><div class=\"gm-ah-49d04d gutentor-module-accordion-item-heading gutentor-module-icon-position-right\"><span class=\"gutentor-module-accordion-panel-handler\" role=\"button\"><span class=\"gutentor-module-accordion-panel-handler-label\">\u00bfHorario de trabajo?<\/span><span class=\"gutentor-module-accordion-icon\"><i class=\"gm-aio-49d04d gutentor-module-accordion-icon-open fas fa-plus\"><\/i><i class=\"gm-aic-49d04d gutentor-module-accordion-icon-close fas fa-minus\"><\/i><\/span><\/span><\/div><div class=\"gm-ab-49d04d gutentor-module-accordion-body\">\n<div id=\"section-gb46776\" class=\"wp-block-gutentor-e0 section-gb46776 gutentor-element gutentor-element-advanced-text\"><div class=\"gutentor-text-wrap\"><p class=\"gutentor-text\">Lunes \u2013 Viernes de 9:00 am \u2013 6:00 pm.<\/p><\/div><\/div>\n<\/div><\/div><\/div>\n<\/div><\/section>\n","protected":false},"excerpt":{"rendered":"","protected":false},"author":1,"featured_media":0,"parent":0,"menu_order":0,"comment_status":"closed","ping_status":"closed","template":"","meta":{"footnotes":""},"class_list":["post-556","page","type-page","status-publish","hentry"],"_links":{"self":[{"href":"https:\/\/www.encuentrotodo.com.ve\/lp\/wp-json\/wp\/v2\/pages\/556","targetHints":{"allow":["GET"]}}],"collection":[{"href":"https:\/\/www.encuentrotodo.com.ve\/lp\/wp-json\/wp\/v2\/pages"}],"about":[{"href":"https:\/\/www.encuentrotodo.com.ve\/lp\/wp-json\/wp\/v2\/types\/page"}],"author":[{"embeddable":true,"href":"https:\/\/www.encuentrotodo.com.ve\/lp\/wp-json\/wp\/v2\/users\/1"}],"replies":[{"embeddable":true,"href":"https:\/\/www.encuentrotodo.com.ve\/lp\/wp-json\/wp\/v2\/comments?post=556"}],"version-history":[{"count":20,"href":"https:\/\/www.encuentrotodo.com.ve\/lp\/wp-json\/wp\/v2\/pages\/556\/revisions"}],"predecessor-version":[{"id":589,"href":"https:\/\/www.encuentrotodo.com.ve\/lp\/wp-json\/wp\/v2\/pages\/556\/revisions\/589"}],"wp:attachment":[{"href":"https:\/\/www.encuentrotodo.com.ve\/lp\/wp-json\/wp\/v2\/media?parent=556"}],"curies":[{"name":"wp","href":"https:\/\/api.w.org\/{rel}","templated":true}]}}